{"id":717,"date":"2010-10-28T10:40:43","date_gmt":"2010-10-28T09:40:43","guid":{"rendered":"https:\/\/sciclublabicoca.it\/blog\/"},"modified":"2024-10-01T16:00:45","modified_gmt":"2024-10-01T15:00:45","slug":"attivita","status":"publish","type":"page","link":"https:\/\/sciclublabicoca.it\/blog\/attivita\/","title":{"rendered":"Attivit\u00e0 &#8211; Scuola Sci"},"content":{"rendered":"<div class=\"wpb-content-wrapper\"><p>[vc_row row_type=&#8221;row&#8221; use_row_as_full_screen_section=&#8221;no&#8221; type=&#8221;full_width&#8221; angled_section=&#8221;no&#8221; text_align=&#8221;left&#8221; background_image_as_pattern=&#8221;without_pattern&#8221;][vc_column width=&#8221;1\/6&#8243;][\/vc_column][vc_column width=&#8221;2\/3&#8243;][vc_column_text]<\/p>\n<h3 style=\"text-align: justify;\">Scuola di Sci<\/h3>\n<p style=\"text-align: justify;\">Ormai dagli anni del Covid non abbiamo pi\u00f9 iscritti alla scuola sci. ma siamo intenzionati a riprendere come negli anni precedenti<\/p>\n<p>Dipende sempre da voi, noi siamo pronti e avere dinuovo un bel gruppo di bambini e ragazzi dai sei anni in su sarebbe una bella cosa, anche perch\u00e8 lo sci \u00e8 salute e aggregazione.<\/p>\n<p style=\"text-align: justify;\">Per chi \u00e8 interessato ad iniziare o a migliorare le proprie capacit\u00e0 abbiamo una convenzione con Orgeas Sport di Almese (TO) &#8211; Via Rubiana, 1 bis &#8211; Tel.: 3661378598<\/p>\n<p style=\"text-align: justify;\"><strong> Sconti ai soci sci club La Bicoca 15% sull&#8217;attrezzatura e 10% sull&#8217;abbigliamento<\/strong>. ORGEAS SPORT dispone di laboratorio in sede per riparazione e\/o preparazione sci e snowboard. Troverete altre favolose formule di noleggio da concordare direttamente con ORGEAS SPORT &#8211; Affitto materiale per la scuola sci (per un giorno &#8211; per tutta la durata del corso sci &#8211; per l&#8217;intera stagione)<\/p>\n<p>[\/vc_column_text][\/vc_column][vc_column width=&#8221;1\/6&#8243;][\/vc_column][\/vc_row][vc_row row_type=&#8221;row&#8221; use_row_as_full_screen_section=&#8221;no&#8221; type=&#8221;full_width&#8221; angled_section=&#8221;no&#8221; text_align=&#8221;left&#8221; background_image_as_pattern=&#8221;without_pattern&#8221;][vc_column width=&#8221;1\/6&#8243;][\/vc_column][vc_column width=&#8221;2\/3&#8243;][vc_empty_space][vc_separator type=&#8221;normal&#8221;][vc_empty_space][\/vc_column][vc_column width=&#8221;1\/6&#8243;][\/vc_column][\/vc_row][vc_row row_type=&#8221;row&#8221; use_row_as_full_screen_section=&#8221;no&#8221; type=&#8221;full_width&#8221; angled_section=&#8221;no&#8221; text_align=&#8221;left&#8221; background_image_as_pattern=&#8221;without_pattern&#8221;][vc_column width=&#8221;1\/6&#8243;][\/vc_column][vc_column width=&#8221;2\/3&#8243;][vc_column_text]<\/p>\n<h3 style=\"text-align: justify;\">Sci Alpino<\/h3>\n<p style=\"text-align: justify;\">La nostra principale attivit\u00e0 \u00e8 lo sci alpino a livello amatoriale con le specialit\u00e0 \u201csci da discesa\u201d e \u201csnowboard\u201d.<\/p>\n<p style=\"text-align: justify;\">Il nostro obiettivo \u00e8 quello di avvicinare le persone allo sci e di far apprendere loro le nozioni e metterle in pratica poi, con spirito distensivo\/turistico.<\/p>\n<p style=\"text-align: justify;\">Il nostro sci club \u00e8 rivolto soprattutto ai gruppi familiari, ai giovani e meno giovani, a tutti quelli che desiderano trascorrere delle giornate in pieno relax e divertimento.<\/p>\n<p style=\"text-align: justify;\">Viaggiando con noi non avrai la problematica della guida, n\u00e8 dei parcheggi n\u00e8 del costo carburanti, n\u00e8 del bypass autostradale<\/p>\n<ul style=\"text-align: justify;\">\n<li>Lo skipass che ti verr\u00e0 consegnato da noi all&#8217;arrivo nella stazione.<\/li>\n<li>Le quote viaggio e skipass le pagherai sul pullman durante il viaggio<\/li>\n<li>In tutte le localit\u00e0 da noi frequentate troverai dei saloni riscaldati e di libero accesso, dotati di tavoli e sedie, per consumare il tuo pranzo al sacco<\/li>\n<li>Troverai inoltre servizi igienici sia in prossimit\u00e0 dei parcheggi sia presso le stazioni e\/o sulle piste<\/li>\n<li>In caso di infortunio sarai seguito costantemente dai membri del direttivo che svolgeranno per te tutte le prassi burocratiche<\/li>\n<li>Potrai mettere a frutto il nostro motto \u201cpensate a divertirvi\u2026 al resto\u00a0pensiamo noi\u201d<\/li>\n<li>Potrai sfruttare totalmente la giornata, perch\u00e8 non dovendo guidare\u00a0ti\u00a0rilasserai nel viaggio di ritorno<\/li>\n<li>Potrai iscriverti alla scuola sci dei vari livelli, dal principiante al perfezionamento<\/li>\n<li>Sarai seguito da Maestri di sci professionali (sempre lo stesso maestro per tutta la durata del corso)<\/li>\n<\/ul>\n<p style=\"text-align: justify;\">Per qualunque disguido o problema, potrai rivolgerti ai membri del Direttivo che saranno sempre presenti sia sulle piste che alla stazione di base e che cercheranno di risolvere nel miglior modo possibile le vostre richieste.<\/p>\n<p>[\/vc_column_text][\/vc_column][vc_column width=&#8221;1\/6&#8243;][\/vc_column][\/vc_row][vc_row row_type=&#8221;row&#8221; use_row_as_full_screen_section=&#8221;no&#8221; type=&#8221;full_width&#8221; angled_section=&#8221;no&#8221; text_align=&#8221;left&#8221; background_image_as_pattern=&#8221;without_pattern&#8221;][vc_column width=&#8221;1\/6&#8243;][\/vc_column][vc_column width=&#8221;2\/3&#8243;][vc_empty_space][vc_separator type=&#8221;normal&#8221;][vc_empty_space][\/vc_column][vc_column width=&#8221;1\/6&#8243;][\/vc_column][\/vc_row][vc_row row_type=&#8221;row&#8221; use_row_as_full_screen_section=&#8221;no&#8221; type=&#8221;full_width&#8221; angled_section=&#8221;no&#8221; text_align=&#8221;left&#8221; background_image_as_pattern=&#8221;without_pattern&#8221;][vc_column width=&#8221;1\/6&#8243;][\/vc_column][vc_column width=&#8221;2\/3&#8243;][vc_column_text]<\/p>\n<h3 style=\"text-align: justify;\">Altre Attivit\u00e0<\/h3>\n<p style=\"text-align: justify;\">Altre attivit\u00e0 vengono svolte a livello amatoriale e\/o in associazione con il CAI e sono:<\/p>\n<ul style=\"text-align: justify;\">\n<li>Alpinismo estivo e\/o invernale (difficolt\u00e0 F\/PD\/D)<\/li>\n<li>Uscite invernali con racchette da neve (ciaspole, leggi <span style=\"color: #c42a02;\"><a style=\"color: #c42a02;\" href=\"https:\/\/it.wikipedia.org\/wiki\/Ciaspole\" target=\"_blank\" rel=\"noopener noreferrer\"><strong>qui<\/strong><\/a><\/span> cosa sono) (difficolt\u00e0 F\/PD)<\/li>\n<\/ul>\n<p style=\"text-align: justify;\">Clicca<span style=\"color: #c42a02;\"> <a style=\"color: #c42a02;\" href=\"https:\/\/sciclublabicoca.it\/blog\/scala-francese-escursionismo-alpinismo\/\" target=\"_blank\" rel=\"noopener noreferrer\"><strong>qui<\/strong><\/a> <\/span>per leggere le legende delle scale di difficolt\u00e0<\/p>\n<p>[\/vc_column_text][\/vc_column][vc_column width=&#8221;1\/6&#8243;][\/vc_column][\/vc_row][vc_row row_type=&#8221;row&#8221; use_row_as_full_screen_section=&#8221;no&#8221; type=&#8221;full_width&#8221; angled_section=&#8221;no&#8221; text_align=&#8221;left&#8221; background_image_as_pattern=&#8221;without_pattern&#8221;][vc_column width=&#8221;1\/6&#8243;][\/vc_column][vc_column width=&#8221;2\/3&#8243;][vc_empty_space][vc_empty_space][\/vc_column][vc_column width=&#8221;1\/6&#8243;][\/vc_column][\/vc_row]<\/p>\n<\/div>","protected":false},"excerpt":{"rendered":"<p>[vc_row row_type=&#8221;row&#8221; use_row_as_full_screen_section=&#8221;no&#8221; type=&#8221;full_width&#8221; angled_section=&#8221;no&#8221; text_align=&#8221;left&#8221; background_image_as_pattern=&#8221;without_pattern&#8221;][vc_column width=&#8221;1\/6&#8243;][\/vc_column][vc_column width=&#8221;2\/3&#8243;][vc_column_text] Scuola di Sci Ormai dagli anni del Covid non abbiamo pi\u00f9 iscritti alla scuola sci. ma siamo intenzionati a riprendere come negli anni precedenti Dipende sempre da voi, noi siamo pronti e avere dinuovo un bel&#8230;<\/p>\n","protected":false},"author":2,"featured_media":0,"parent":0,"menu_order":10,"comment_status":"open","ping_status":"closed","template":"","meta":{"footnotes":""},"class_list":["post-717","page","type-page","status-publish","hentry"],"_links":{"self":[{"href":"https:\/\/sciclublabicoca.it\/blog\/wp-json\/wp\/v2\/pages\/717","targetHints":{"allow":["GET"]}}],"collection":[{"href":"https:\/\/sciclublabicoca.it\/blog\/wp-json\/wp\/v2\/pages"}],"about":[{"href":"https:\/\/sciclublabicoca.it\/blog\/wp-json\/wp\/v2\/types\/page"}],"author":[{"embeddable":true,"href":"https:\/\/sciclublabicoca.it\/blog\/wp-json\/wp\/v2\/users\/2"}],"replies":[{"embeddable":true,"href":"https:\/\/sciclublabicoca.it\/blog\/wp-json\/wp\/v2\/comments?post=717"}],"version-history":[{"count":13,"href":"https:\/\/sciclublabicoca.it\/blog\/wp-json\/wp\/v2\/pages\/717\/revisions"}],"predecessor-version":[{"id":3010,"href":"https:\/\/sciclublabicoca.it\/blog\/wp-json\/wp\/v2\/pages\/717\/revisions\/3010"}],"wp:attachment":[{"href":"https:\/\/sciclublabicoca.it\/blog\/wp-json\/wp\/v2\/media?parent=717"}],"curies":[{"name":"wp","href":"https:\/\/api.w.org\/{rel}","templated":true}]}}