{"id":708,"date":"2010-10-28T10:33:14","date_gmt":"2010-10-28T09:33:14","guid":{"rendered":"https:\/\/sciclublabicoca.it\/blog\/"},"modified":"2025-10-20T14:35:00","modified_gmt":"2025-10-20T13:35:00","slug":"chi-siamo","status":"publish","type":"page","link":"https:\/\/sciclublabicoca.it\/blog\/chi-siamo\/","title":{"rendered":"Chi Siamo"},"content":{"rendered":"<div class=\"wpb-content-wrapper\"><p>[vc_row row_type=&#8221;row&#8221; use_row_as_full_screen_section=&#8221;no&#8221; type=&#8221;full_width&#8221; angled_section=&#8221;no&#8221; text_align=&#8221;left&#8221; background_image_as_pattern=&#8221;without_pattern&#8221;][vc_column width=&#8221;1\/6&#8243;][\/vc_column][vc_column width=&#8221;2\/3&#8243;][vc_column_text]<\/p>\n<h3 style=\"text-align: justify;\">Lo Sci Club<\/h3>\n<p style=\"text-align: justify;\">Lo Sci Club nasce nel 1974 per volont\u00e0 di un gruppo di sciatori di Ferriera (Frazione del Comune di Buttigliera Alta in provincia di Torino) e prende il nome dalla Torre di Avvistamento di epoca medioevale che si staglia sul colle tra l&#8217;abitato di Ferriera e quello di Buttigliera Alta.<\/p>\n<p style=\"text-align: justify;\">La sua sede attuale si trova a Ferriera, sulla S.S. 25 ad una decina di km dalla cittadina di Rivoli in direzione Frejus e a due km da Avigliana (citt\u00e0 turistica famosa per i due laghi morenici, il castello medioevale e il centro storico con la Torre dell&#8217;orologio). Risalta ad ovest il simbolo principale della Valle di Susa, la Sacra di S. Michele, che con la sua posizione dominante dalla rocca del monte Pirchiriano veglia da secoli sull&#8217;ingresso della valle.<\/p>\n<p>[\/vc_column_text][\/vc_column][vc_column width=&#8221;1\/6&#8243;][\/vc_column][\/vc_row][vc_row row_type=&#8221;row&#8221; use_row_as_full_screen_section=&#8221;no&#8221; type=&#8221;full_width&#8221; angled_section=&#8221;no&#8221; text_align=&#8221;left&#8221; background_image_as_pattern=&#8221;without_pattern&#8221;][vc_column width=&#8221;1\/6&#8243;][\/vc_column][vc_column width=&#8221;2\/3&#8243;][vc_empty_space][\/vc_column][vc_column width=&#8221;1\/6&#8243;][\/vc_column][\/vc_row][vc_row row_type=&#8221;row&#8221; use_row_as_full_screen_section=&#8221;no&#8221; type=&#8221;full_width&#8221; angled_section=&#8221;no&#8221; text_align=&#8221;left&#8221; background_image_as_pattern=&#8221;without_pattern&#8221;][vc_column width=&#8221;1\/6&#8243;][\/vc_column][vc_column width=&#8221;1\/6&#8243;][vc_single_image image=&#8221;2142&#8243; alignment=&#8221;center&#8221; qode_css_animation=&#8221;&#8221;][\/vc_column][vc_column width=&#8221;1\/6&#8243;][vc_single_image image=&#8221;2145&#8243; alignment=&#8221;center&#8221; qode_css_animation=&#8221;&#8221;][\/vc_column][vc_column width=&#8221;1\/6&#8243;][vc_single_image image=&#8221;2144&#8243; alignment=&#8221;center&#8221; qode_css_animation=&#8221;&#8221;][\/vc_column][vc_column width=&#8221;1\/6&#8243;][vc_single_image image=&#8221;2143&#8243; alignment=&#8221;center&#8221; qode_css_animation=&#8221;&#8221;][\/vc_column][vc_column width=&#8221;1\/6&#8243;][\/vc_column][\/vc_row][vc_row row_type=&#8221;row&#8221; use_row_as_full_screen_section=&#8221;no&#8221; type=&#8221;full_width&#8221; angled_section=&#8221;no&#8221; text_align=&#8221;left&#8221; background_image_as_pattern=&#8221;without_pattern&#8221;][vc_column width=&#8221;1\/6&#8243;][\/vc_column][vc_column width=&#8221;2\/3&#8243;][vc_empty_space][vc_empty_space][\/vc_column][vc_column width=&#8221;1\/6&#8243;][\/vc_column][\/vc_row][vc_row row_type=&#8221;row&#8221; use_row_as_full_screen_section=&#8221;no&#8221; type=&#8221;full_width&#8221; angled_section=&#8221;no&#8221; text_align=&#8221;left&#8221; background_image_as_pattern=&#8221;without_pattern&#8221;][vc_column width=&#8221;1\/6&#8243;][\/vc_column][vc_column width=&#8221;2\/3&#8243;][vc_column_text]<\/p>\n<p style=\"text-align: justify;\">Dal 1974 si sono succeduti come Presidenti del club i Sig.ri:<\/p>\n<ul style=\"text-align: justify;\">\n<li>Guglielmone Giuseppe (fondatore)<\/li>\n<li>Novarese Giuseppe<\/li>\n<li>David Vittorio<\/li>\n<li>Faoro Remo (Presidente Onorario)<\/li>\n<li>Braghiero Guglielmo (Presidente Onorario)<\/li>\n<li>Daghero Roberto (in carica)<\/li>\n<\/ul>\n<p style=\"text-align: justify;\">Dal 1974 al 1984 l&#8217;associazione ha avuto un numero di soci annuali stabilizzato in 300\/350 tesserati. Dal 1985 ci fu un costante aumento, contando nell&#8217;anno 2000 ben 1300 soci e organizzando gite domenicali da 540 a 560 partecipanti. Nove o dieci pullman che ogni domenica transitavano per le strade innevate della Valle di Susa con i simboli dello sci club La Bicoca.<\/p>\n<p style=\"text-align: justify;\">Si sono programmati corsi di sci (dal principiante all&#8217;agonismo) con 32 maestri in contemporanea e per mettere la ciliegina sulla torta si organizzarono week end nelle pi\u00f9 belle stazioni sciistiche italiane e francesi.<\/p>\n<p style=\"text-align: justify;\">Fiore all&#8217;occhiello dello sci club \u00e8 diventata la <strong>settimana bianca<\/strong> e il <strong>week end<\/strong> nelle<strong> Dolomiti<\/strong>. E&#8217; ormai dall&#8217;anno 1989 che si organizzano le suddette gite nei comprensori dolomitici iniziando con i weekend fino all&#8217;anno 1995, anno in cui si organizz\u00f2\u00a0 la prima settimana bianca. Dall&#8217;anno 1998 si inizi\u00f2 ad organizzare in contemporanea, sia la settimana bianca sia il weekend nel mese di febbraio. Dal 2012 abbiamo aggiunto il weekend lungo a marzo (dal gioved\u00ec alla domenica) a Madonna di Campiglio.<\/p>\n<p style=\"text-align: justify;\">I comprensori da noi frequentati spaziano da S. Martino di Castrozza, al Civetta, al Latemar \/ Pampeago \/ Obereggen, a Lusia, a Passo San Pellegrino e poi il favoloso giro del Sella Ronda con l&#8217;Alta Badia, il Pordoi, la Val Gardena e le favolose piste della Sasslong A e B e la Gran Risa e per finire: Cortina. dal 2012 si sono aggiunti i comprensori di Madonna di Campiglio, Marilleva, Folgarida, Pinzolo, Passo del Tonale, Pejo, Ponte di legno.<\/p>\n<p style=\"text-align: justify;\">Nell&#8217;anno 2005 il nostro Sci Club \u00e8 stato inserito come <strong>&#8220;Sci Club Onorario&#8221;<\/strong> nel gruppo Dolomiti aggiungendo cos\u00ec una ulteriore soddisfazione e una stella di merito al lavoro svolto dal gruppo direttivo.<\/p>\n<p style=\"text-align: justify;\">Il proponimento basilare \u00e8 quello di permettere a tutti, ma proprio a tutti, di praticare lo sci. Per questo motivo lo staff direttivo si impegna per agevolare i nuclei famigliari e tutti coloro che, giovani e meno giovani, vogliono trascorrere una giornata spensierata sulle piste da sci soffermandosi di tanto in tanto a fare due chiacchiere ammirando gli splendidi scenari.<\/p>\n<p style=\"text-align: justify;\">Il nostro sci club, che un tempo si divideva tra comprensori italiani e stazioni transalpine, da alcuni anni si rivolge solamente alle piste oltre frontiera per il semplice motivo che dalle stazioni francesi riceviamo offerte pi\u00f9 vantaggiose e dove ormai troviamo sempre piste ben curate e impianti all&#8217;avanguardia. In fondo recepiamo\u00a0le richieste della gente, dal turista della domenica allo sciatore esperto,\u00a0\u00a0tutte quelle persone che vogliono dimenticare per un giorno i problemi quotidiani e che non pensano solo all&#8217;agonismo ma che trovano piacere anche in una sosta per\u00a0godersi i panorami.<\/p>\n<p style=\"text-align: justify;\">Il nostro motto \u00e8:<span style=\"color: #c42a02;\"><strong> &#8220;PENSATE A DIVERTIRVI&#8230; al resto pensiamo noi&#8221;<\/strong><\/span><\/p>\n<p style=\"text-align: justify;\">Per la settimana bianca dell&#8217;anno 2005 erano iscritti ben 200 soci che hanno spaziato in sei localit\u00e0 Dolomitiche affascinati dalle piste, dagli impianti, dai panorami, dall&#8217;accoglienza e dalle serate danzanti organizzate come aggregazione e relax. Durante la settimana siamo ospitati negli hotel di Fiera di Primiero e gli spostamenti verso le localit\u00e0 sciistiche (diverse tutti i giorni) avvengono sempre con i nostri pullman. Dei buoni pasto per il pranzo (da accordi con alcune localit\u00e0 sciistiche), vengono consegnati a tutti i partecipanti in modo da poter usufruire dei ristoranti in quota e coloro che non sciano possono visitare le localit\u00e0 turistiche frequentate dal club. Nell&#8217;anno 2006 abbiamo raggiunto il numero di 221 iscritti e con vero rammarico abbiamo dovuto rifiutare oltre 40 iscrizioni per mancanza di posti alberghieri (avevamo riempito 4 hotel con 5 pullman + un pulmino). Ora per motivi logistici le iscrizioni vengono contenute nel numero di 200 persone, e ogni anno confermiamo questi numeri. Non potendo contenere tutti gli iscritti nella Settimana Bianca da tre anni a questa parte abbiamo ripreso un weekend lungo (5 giorni a marzo).<\/p>\n<p>ORA LA STORIA PIU&#8217; RECENTE<\/p>\n<p>Quest&#8217;anno 2025 abbiamo festeggiato i nostri 50 anni di sodalizio con il lavoro dei seguenti volontari &#8211; Daghero Roberto &#8211; Andreone Luciano &#8211; Barezzi walter &#8211; Gardin Annamaria &#8211; Squillari Cristina &#8211; Bolzonaro Moreno &#8211; Caviasso Piero e con l&#8217;aiuto esterno di Carena Marisa e Braghiero Aurora<\/p>\n<p>La nostra sede sempre pi\u00f9 bella e accogliente ci permette di gestire al meglio la nostra attivit\u00e0, grazie anche a tutta la giunta comunale che \u00e8 sempre presente e disponibile ad ogni nostra richiesta&#8230; e quest&#8217;anno 2025, per il nostro cinquantenario, ci ha omaggiati di una targa ricordo con una serata di festa nella sede<\/p>\n<p>&nbsp;<\/p>\n<p style=\"text-align: justify;\">Grazie ad alcuni sponsor che da anni ci accompagnano e ci sostengono, i nostri soci possono scegliere materiali di prestigio, avere sconti agevolati o trovare soluzioni alle loro aspettative per ogni occasione sia riguardo allo sport (<strong>ORGEAS 3<\/strong> &#8211; ALMESE &#8211; via Rubiana 1 bis, angolo Via Roma &#8211; tel. 366.137.85.98),\u00a0ai trasporti (<strong>ditta Cavourese<\/strong> di Cavour) e all&#8217;assicurazione.<\/p>\n<p style=\"text-align: justify;\">Vengono con noi i nonni, i genitori, i figli e i nipoti e questo da sempre&#8230;. (anche se negli ultimi anni i giovani hanno scelto altre strade &#8211; le mode cambiano ma \u00e8 naturale)\u00a0 gli anni passano ma la fiducia rimane e la volont\u00e0 di alcune persone nel mantenere in piedi questo sodalizio non demorde. Questo impegno e lavoro \u00e8 per noi una grande soddisfazione ripagato da un riconoscimento di chi ancora ci \u00e8 affezionato\u00a0 e mette in risalto quello che \u00e8 stato il proponimento iniziale: <span style=\"color: #c42a02;\"><strong>creare una grande famiglia e un gruppo molto unito&#8230;. lo Sci Club &#8220;La Bicoca&#8221;<\/strong><\/span><\/p>\n<p style=\"text-align: justify;\">LA NOSTRA MIGLIOR PUBBLICITA&#8217; SONO I SOCI CHE DA ANNI CI ACCOMPAGNANO PORTANDO A CONOSCENZA DELLA GENTE LA NOSTRA PROFESSIONALITA&#8217; SERIETA&#8217; E ALLEGRIA<\/p>\n<p>[\/vc_column_text][\/vc_column][vc_column width=&#8221;1\/6&#8243;][\/vc_column][\/vc_row][vc_row row_type=&#8221;row&#8221; use_row_as_full_screen_section=&#8221;no&#8221; type=&#8221;full_width&#8221; angled_section=&#8221;no&#8221; text_align=&#8221;left&#8221; background_image_as_pattern=&#8221;without_pattern&#8221;][vc_column width=&#8221;1\/6&#8243;][\/vc_column][vc_column width=&#8221;2\/3&#8243;][vc_empty_space][vc_empty_space][\/vc_column][vc_column width=&#8221;1\/6&#8243;][\/vc_column][\/vc_row]<\/p>\n<\/div>","protected":false},"excerpt":{"rendered":"<p>[vc_row row_type=&#8221;row&#8221; use_row_as_full_screen_section=&#8221;no&#8221; type=&#8221;full_width&#8221; angled_section=&#8221;no&#8221; text_align=&#8221;left&#8221; background_image_as_pattern=&#8221;without_pattern&#8221;][vc_column width=&#8221;1\/6&#8243;][\/vc_column][vc_column width=&#8221;2\/3&#8243;][vc_column_text] Lo Sci Club Lo Sci Club nasce nel 1974 per volont\u00e0 di un gruppo di sciatori di Ferriera (Frazione del Comune di Buttigliera Alta in provincia di Torino) e prende il nome dalla Torre di Avvistamento&#8230;<\/p>\n","protected":false},"author":2,"featured_media":0,"parent":0,"menu_order":9,"comment_status":"open","ping_status":"closed","template":"","meta":{"footnotes":""},"class_list":["post-708","page","type-page","status-publish","hentry"],"_links":{"self":[{"href":"https:\/\/sciclublabicoca.it\/blog\/wp-json\/wp\/v2\/pages\/708","targetHints":{"allow":["GET"]}}],"collection":[{"href":"https:\/\/sciclublabicoca.it\/blog\/wp-json\/wp\/v2\/pages"}],"about":[{"href":"https:\/\/sciclublabicoca.it\/blog\/wp-json\/wp\/v2\/types\/page"}],"author":[{"embeddable":true,"href":"https:\/\/sciclublabicoca.it\/blog\/wp-json\/wp\/v2\/users\/2"}],"replies":[{"embeddable":true,"href":"https:\/\/sciclublabicoca.it\/blog\/wp-json\/wp\/v2\/comments?post=708"}],"version-history":[{"count":10,"href":"https:\/\/sciclublabicoca.it\/blog\/wp-json\/wp\/v2\/pages\/708\/revisions"}],"predecessor-version":[{"id":3081,"href":"https:\/\/sciclublabicoca.it\/blog\/wp-json\/wp\/v2\/pages\/708\/revisions\/3081"}],"wp:attachment":[{"href":"https:\/\/sciclublabicoca.it\/blog\/wp-json\/wp\/v2\/media?parent=708"}],"curies":[{"name":"wp","href":"https:\/\/api.w.org\/{rel}","templated":true}]}}