{"id":686,"date":"2010-10-28T10:16:34","date_gmt":"2010-10-28T09:16:34","guid":{"rendered":"https:\/\/sciclublabicoca.it\/blog\/"},"modified":"2025-10-20T10:34:52","modified_gmt":"2025-10-20T09:34:52","slug":"week-end-alle-dolomiti","status":"publish","type":"page","link":"https:\/\/sciclublabicoca.it\/blog\/week-end-alle-dolomiti\/","title":{"rendered":"Weekend in Dolomiti"},"content":{"rendered":"<div class=\"wpb-content-wrapper\"><p>[vc_row row_type=&#8221;row&#8221; use_row_as_full_screen_section=&#8221;no&#8221; type=&#8221;full_width&#8221; angled_section=&#8221;no&#8221; text_align=&#8221;left&#8221; background_image_as_pattern=&#8221;without_pattern&#8221;][vc_column width=&#8221;1\/6&#8243;][\/vc_column][vc_column width=&#8221;2\/3&#8243;][vc_column_text]<\/p>\n<h3 style=\"text-align: justify;\">Regolamento:<\/h3>\n<div id=\"attachment_1157\" style=\"width: 310px\" class=\"wp-caption alignright\"><a href=\"https:\/\/sciclublabicoca.it\/blog\/wp-content\/uploads\/2010\/10\/dolomiti-pist-map.jpg\"><img loading=\"lazy\" decoding=\"async\" aria-describedby=\"caption-attachment-1157\" class=\"size-medium wp-image-1157\" title=\"Dolomiti Ski Map\" src=\"https:\/\/sciclublabicoca.it\/blog\/wp-content\/uploads\/2010\/10\/dolomiti-pist-map-300x152.jpg\" alt=\"\" width=\"300\" height=\"152\" \/><\/a><p id=\"caption-attachment-1157\" class=\"wp-caption-text\">Dolomiti Ski Map: clicca per ingrandire<\/p><\/div>\n<p style=\"text-align: justify;\">L&#8217;assegnazione camere verr\u00e0 fatta dal direttivo dello sci club cercando nel limite del possibile di soddisfare le vostre esigenze.\u00a0 Si ricorda inoltre che il numero delle camere singole \u00e8 limitato e che il loro utilizzo comporta una spesa maggiorata (da versare al momento dell&#8217;iscrizione).<\/p>\n<p><em><strong>PROGRAMMA :\u00a0 \u00a0 MARZO\u00a0<\/strong><\/em><\/p>\n<p>Luned\u00ec\u00a0 02\u00a0 \u00a0 &#8211;\u00a0<strong> San Pellegrino<\/strong><\/p>\n<p>Marted\u00ec 03\u00a0 \u00a0&#8211;\u00a0 <strong>Pampeago \/ Obereggen<\/strong><\/p>\n<p>Mercoled\u00ec 04\u00a0 &#8211;\u00a0 \u00a0<strong>Marmolada\u00a0 \u00a0 \u00a0<\/strong><\/p>\n<p>Gioved\u00ec 05<strong>\u00a0 &#8211; San Martino di Castrozza***\u00a0 \u00a0<\/strong><\/p>\n<p><strong>** informazioni specifiche al momento dell&#8217;iscrizione\u00a0 <\/strong><\/p>\n<p><strong>\u00a0 \u00a0&#8211; Rientro gioved\u00ec 05 in serata<\/strong><strong>\u00bb\u00bb<\/strong><\/p>\n<p style=\"text-align: justify;\">\u00bb\u00bb La partenza per il Week-End \u00e8 fissata per <strong>DOMENICA 01 MARZO\u00a0 da Corso Torino 85 &#8211; Ferriera di Buttigliera Alta<\/strong><\/p>\n<p style=\"text-align: justify;\"><strong>RITROVO ORE 8,00 &#8211; 8<\/strong><strong>,30 per carico bagagli\u00a0\u00a0<\/strong><\/p>\n<p style=\"text-align: justify;\"><strong>PARTENZA ORE 9,00<\/strong><\/p>\n<p style=\"text-align: justify;\">Il ritorno \u00e8 previsto per la serata di GIOVEDI&#8217; 05 FEBBRAIO.<\/p>\n<p style=\"text-align: justify;\">\u00bb\u00bb Il prezzo di <strong>\u20ac 370,00<\/strong> \u00e8 comprensivo di cena e pernottamento (Domenica), pensione completa (Luned\u00ec &#8211; Marted\u00ec &#8211; Mercoled\u00ec), colazione e pranzo (Gioved\u00ec) + viaggio A\/R con pullman granturismo + spostamenti giornalieri sempre con i nostri mezzi verso le localit\u00e0 sciistiche programmate<\/p>\n<p><strong>Camera singola &#8211; \u20ac 80,00 <\/strong>da versare al momento dell&#8217;iscrizione &#8211; <strong>In caso di disdetta tale quota NON SARA&#8217; RIMBORSATA<\/strong><\/p>\n<p style=\"text-align: justify;\">\u00bb\u00bb BEVANDE &#8211; SKIPASS e Tassa di soggiorno esclusi (lo skipass &#8211; <strong>dolomiti superski<\/strong> &#8211; scontato per lo sci club La Bicoca, \u00e8 a richiesta giornaliera e non a pacchetto &#8211; a La Marmolada il prezzo sar\u00e0 in base alla scelta dello sciatore)<\/p>\n<p style=\"text-align: justify;\">\u00bb\u00bb Anticipo di <strong>\u20ac 200,00<\/strong> da versare al momento dell&#8217;iscrizione.<\/p>\n<p style=\"text-align: justify;\">\u00bb\u00bb La gita si effettuer\u00e0 con un MINIMO di 40 partecipanti<\/p>\n<p><strong>Termine iscrizioni &#8211; 17\/02\/2026 o ad esaurimento posti<\/strong><\/p>\n<p><strong>SALDO QUOTA WEEKEND nei giorni 17\/18\/19\/20 febbraio 2026\u00a0 \u00a0 \u00a0 \u00a0 ore 14,30 \/ 17,30\u00a0<\/strong><\/p>\n<p><strong>Per la disdetta comunicata entro il 06\/02\/2026\u00a0 giustificata da motivi validi documentati sar\u00e0 rimborsato il 50%<\/strong> dell&#8217;acconto, salvo che venga indicato dall&#8217;interessato un nominativo sostituto in regola con il tesseramento, in tal caso il rimborso sar\u00e0 del 100%. <strong>Dopo tale data non si avr\u00e0 diritto a nessun rimborso.<\/strong><\/p>\n<p style=\"text-align: justify;\">\u00bb\u00bb Le\u00a0 iscrizioni devono essere fatte in presenza presentando la tessera sociale vidimata per l&#8217;anno in corso e versando le quote richieste.<\/p>\n<p>L&#8217;iscrizione pu\u00f2 essere fatta da una singola persona per altri soci presentando tutte le tessere sociali vidimate e versando le quote richieste.<\/p>\n<p style=\"text-align: justify;\">\u00bb\u00bb <strong>Per i ragazzi nati dal 2019\u00a0 quota weekend \u00e8 di \u20ac 250,00 con le modalit\u00e0 di cui sopra.\u00a0 \u00a0 \u00a0<\/strong><strong>Acconto \u20ac 100\u00a0<\/strong><\/p>\n<p><strong>Bambini nati dal 2020 in poi &#8211; GRATIS<\/strong><\/p>\n<p><strong>SKIPASS GRATUITO per i nati dal 2019<\/strong>\u00a0se accompagnati da un familiare adulto<\/p>\n<p style=\"text-align: justify;\"><strong>\u00a0<\/strong>Al momento dell&#8217;iscrizione vi sar\u00e0 consegnato un manoscritto con tutte le modalit\u00e0 e programmi dettagliati<\/p>\n<p>[\/vc_column_text][\/vc_column][vc_column width=&#8221;1\/6&#8243;][\/vc_column][\/vc_row][vc_row row_type=&#8221;row&#8221; use_row_as_full_screen_section=&#8221;no&#8221; type=&#8221;full_width&#8221; angled_section=&#8221;no&#8221; text_align=&#8221;left&#8221; background_image_as_pattern=&#8221;without_pattern&#8221;][vc_column width=&#8221;1\/6&#8243;][\/vc_column][vc_column width=&#8221;2\/3&#8243;][vc_empty_space][vc_separator type=&#8221;normal&#8221;][vc_empty_space][\/vc_column][vc_column width=&#8221;1\/6&#8243;][\/vc_column][\/vc_row][vc_row row_type=&#8221;row&#8221; use_row_as_full_screen_section=&#8221;no&#8221; type=&#8221;full_width&#8221; angled_section=&#8221;no&#8221; text_align=&#8221;left&#8221; background_image_as_pattern=&#8221;without_pattern&#8221;][vc_column width=&#8221;1\/6&#8243;][\/vc_column][vc_column width=&#8221;2\/3&#8243;][vc_column_text][\/vc_column_text][\/vc_column][vc_column width=&#8221;1\/6&#8243;][\/vc_column][\/vc_row][vc_row row_type=&#8221;row&#8221; use_row_as_full_screen_section=&#8221;no&#8221; type=&#8221;full_width&#8221; angled_section=&#8221;no&#8221; text_align=&#8221;left&#8221; background_image_as_pattern=&#8221;without_pattern&#8221;][vc_column width=&#8221;1\/6&#8243;][\/vc_column][vc_column width=&#8221;2\/3&#8243;][vc_empty_space][vc_empty_space][\/vc_column][vc_column width=&#8221;1\/6&#8243;][\/vc_column][\/vc_row]<\/p>\n<\/div>","protected":false},"excerpt":{"rendered":"<p>[vc_row row_type=&#8221;row&#8221; use_row_as_full_screen_section=&#8221;no&#8221; type=&#8221;full_width&#8221; angled_section=&#8221;no&#8221; text_align=&#8221;left&#8221; background_image_as_pattern=&#8221;without_pattern&#8221;][vc_column width=&#8221;1\/6&#8243;][\/vc_column][vc_column width=&#8221;2\/3&#8243;][vc_column_text] Regolamento: L&#8217;assegnazione camere verr\u00e0 fatta dal direttivo dello sci club cercando nel limite del possibile di soddisfare le vostre esigenze.\u00a0 Si ricorda inoltre che il numero delle camere singole \u00e8 limitato e che il loro utilizzo&#8230;<\/p>\n","protected":false},"author":2,"featured_media":0,"parent":0,"menu_order":3,"comment_status":"open","ping_status":"closed","template":"","meta":{"footnotes":""},"class_list":["post-686","page","type-page","status-publish","hentry"],"_links":{"self":[{"href":"https:\/\/sciclublabicoca.it\/blog\/wp-json\/wp\/v2\/pages\/686","targetHints":{"allow":["GET"]}}],"collection":[{"href":"https:\/\/sciclublabicoca.it\/blog\/wp-json\/wp\/v2\/pages"}],"about":[{"href":"https:\/\/sciclublabicoca.it\/blog\/wp-json\/wp\/v2\/types\/page"}],"author":[{"embeddable":true,"href":"https:\/\/sciclublabicoca.it\/blog\/wp-json\/wp\/v2\/users\/2"}],"replies":[{"embeddable":true,"href":"https:\/\/sciclublabicoca.it\/blog\/wp-json\/wp\/v2\/comments?post=686"}],"version-history":[{"count":46,"href":"https:\/\/sciclublabicoca.it\/blog\/wp-json\/wp\/v2\/pages\/686\/revisions"}],"predecessor-version":[{"id":3069,"href":"https:\/\/sciclublabicoca.it\/blog\/wp-json\/wp\/v2\/pages\/686\/revisions\/3069"}],"wp:attachment":[{"href":"https:\/\/sciclublabicoca.it\/blog\/wp-json\/wp\/v2\/media?parent=686"}],"curies":[{"name":"wp","href":"https:\/\/api.w.org\/{rel}","templated":true}]}}