{"id":5,"date":"2018-02-19T08:23:05","date_gmt":"2018-02-19T07:23:05","guid":{"rendered":"https:\/\/bridge162.qodeinteractive.com\/?page_id=5"},"modified":"2025-11-17T12:01:52","modified_gmt":"2025-11-17T11:01:52","slug":"home","status":"publish","type":"page","link":"https:\/\/sciclublabicoca.it\/blog\/","title":{"rendered":"Home"},"content":{"rendered":"<div class=\"wpb-content-wrapper\"><p>[vc_row css_animation=&#8221;&#8221; row_type=&#8221;row&#8221; use_row_as_full_screen_section=&#8221;no&#8221; type=&#8221;full_width&#8221; angled_section=&#8221;no&#8221; text_align=&#8221;left&#8221; background_image_as_pattern=&#8221;without_pattern&#8221; z_index=&#8221;&#8221;][vc_column][vc_column_text][rev_slider_vc alias=&#8221;home-slider&#8221;][\/vc_column_text][\/vc_column][\/vc_row][vc_row css_animation=&#8221;&#8221; row_type=&#8221;row&#8221; use_row_as_full_screen_section=&#8221;no&#8221; type=&#8221;full_width&#8221; angled_section=&#8221;no&#8221; text_align=&#8221;left&#8221; background_image_as_pattern=&#8221;without_pattern&#8221; z_index=&#8221;&#8221;][vc_column][vc_column_text]<\/p>\n<h1 style=\"text-align: center; font-size: 50px;\">Sci Club La Bicoca &#8211; Ferriera, Buttigliera Alta (TO)<\/h1>\n<p>[\/vc_column_text][\/vc_column][\/vc_row][vc_row css_animation=&#8221;&#8221; row_type=&#8221;row&#8221; use_row_as_full_screen_section=&#8221;no&#8221; type=&#8221;full_width&#8221; angled_section=&#8221;no&#8221; text_align=&#8221;left&#8221; background_image_as_pattern=&#8221;without_pattern&#8221; z_index=&#8221;&#8221;][vc_column][vc_empty_space][\/vc_column][\/vc_row][vc_row css_animation=&#8221;&#8221; row_type=&#8221;row&#8221; use_row_as_full_screen_section=&#8221;no&#8221; type=&#8221;grid&#8221; angled_section=&#8221;no&#8221; text_align=&#8221;left&#8221; background_image_as_pattern=&#8221;without_pattern&#8221; padding_bottom=&#8221;72&#8243; z_index=&#8221;&#8221;][vc_column][vc_text_separator title=&#8221;NEWS&#8221; border=&#8221;no&#8221; background_color=&#8221;#c42a02&#8243;][vc_empty_space height=&#8221;12px&#8221;][vc_column_text css=&#8221;&#8221;]<\/p>\n<h2 style=\"text-align: center;\">Comunicazioni e Aggiornamenti<\/h2>\n<p>[\/vc_column_text][vc_empty_space]<div class='latest_post_two_holder three_columns'><ul><li class=\"clearfix\"><div class=\"latest_post_two_image\"><a itemprop=\"url\" href=\"https:\/\/sciclublabicoca.it\/blog\/weekend-dal-01-al-05-marzo-2026\/\"><img loading=\"lazy\" decoding=\"async\" width=\"700\" height=\"401\" src=\"https:\/\/sciclublabicoca.it\/blog\/wp-content\/uploads\/2022\/11\/valdisole6-700x401.png\" class=\"attachment-portfolio_masonry_with_space size-portfolio_masonry_with_space wp-post-image\" alt=\"\" srcset=\"https:\/\/sciclublabicoca.it\/blog\/wp-content\/uploads\/2022\/11\/valdisole6-700x401.png 700w, https:\/\/sciclublabicoca.it\/blog\/wp-content\/uploads\/2022\/11\/valdisole6-300x172.png 300w, https:\/\/sciclublabicoca.it\/blog\/wp-content\/uploads\/2022\/11\/valdisole6-1024x587.png 1024w, https:\/\/sciclublabicoca.it\/blog\/wp-content\/uploads\/2022\/11\/valdisole6-768x440.png 768w, https:\/\/sciclublabicoca.it\/blog\/wp-content\/uploads\/2022\/11\/valdisole6-1536x880.png 1536w, https:\/\/sciclublabicoca.it\/blog\/wp-content\/uploads\/2022\/11\/valdisole6-345x198.png 345w, https:\/\/sciclublabicoca.it\/blog\/wp-content\/uploads\/2022\/11\/valdisole6.png 1920w\" sizes=\"auto, (max-width: 700px) 100vw, 700px\" \/><\/a><\/div><div class=\"latest_post_two_inner\" ><div class=\"latest_post_two_text\"><h4 itemprop=\"name\" class=\"latest_post_two_title entry_title\"><a itemprop=\"url\" href=\"https:\/\/sciclublabicoca.it\/blog\/weekend-dal-01-al-05-marzo-2026\/\" >weekend dal 01 al 05 marzo 2026<\/a><\/h4><div class=\"separator small left \" ><\/div><p itemprop=\"description\" class=\"latest_post_two_excerpt\" >Si rammenta che sono rimaste N\u00b0 4 camere doppie\/ma<\/p><\/div><div class=\"latest_post_two_info\" ><div class=\"latest_post_two_info_inner\" ><div class=\"post_info_author\"><img alt='Author Image' src='https:\/\/secure.gravatar.com\/avatar\/d5e8e7c1a643b17f3e1c25224bf88c4728a7160616f7f9b2dc6c231dab2cab69?s=30&#038;d=mm&#038;r=g' srcset='https:\/\/secure.gravatar.com\/avatar\/d5e8e7c1a643b17f3e1c25224bf88c4728a7160616f7f9b2dc6c231dab2cab69?s=60&#038;d=mm&#038;r=g 2x' class='avatar avatar-30 photo' height='30' width='30' \/><span class=\"post_info_author_name\">Roberto Daghero<\/span><\/div><div itemprop=\"dateCreated\" class=\"post_info_date entry_date updated\">27 Gennaio, 2026<meta itemprop=\"interactionCount\" content=\"UserComments: <?php echo get_comments_number(qode_get_page_id()); ?>\"\/><\/div><\/div><\/div><\/div><\/li><li class=\"clearfix\"><div class=\"latest_post_two_image\"><a itemprop=\"url\" href=\"https:\/\/sciclublabicoca.it\/blog\/auguri-di-buone-feste-2025-2026\/\"><img loading=\"lazy\" decoding=\"async\" width=\"700\" height=\"495\" src=\"https:\/\/sciclublabicoca.it\/blog\/wp-content\/uploads\/2019\/12\/buone-feste-700x495.jpg\" class=\"attachment-portfolio_masonry_with_space size-portfolio_masonry_with_space wp-post-image\" alt=\"\" srcset=\"https:\/\/sciclublabicoca.it\/blog\/wp-content\/uploads\/2019\/12\/buone-feste-700x495.jpg 700w, https:\/\/sciclublabicoca.it\/blog\/wp-content\/uploads\/2019\/12\/buone-feste-300x212.jpg 300w, https:\/\/sciclublabicoca.it\/blog\/wp-content\/uploads\/2019\/12\/buone-feste-768x543.jpg 768w, https:\/\/sciclublabicoca.it\/blog\/wp-content\/uploads\/2019\/12\/buone-feste.jpg 824w\" sizes=\"auto, (max-width: 700px) 100vw, 700px\" \/><\/a><\/div><div class=\"latest_post_two_inner\" ><div class=\"latest_post_two_text\"><h4 itemprop=\"name\" class=\"latest_post_two_title entry_title\"><a itemprop=\"url\" href=\"https:\/\/sciclublabicoca.it\/blog\/auguri-di-buone-feste-2025-2026\/\" >Auguri di buone feste 2025 \/ 2026<\/a><\/h4><div class=\"separator small left \" ><\/div><p itemprop=\"description\" class=\"latest_post_two_excerpt\" >Nell&#8217;augurare a tutti i soci e loro famiglie<\/p><\/div><div class=\"latest_post_two_info\" ><div class=\"latest_post_two_info_inner\" ><div class=\"post_info_author\"><img alt='Author Image' src='https:\/\/secure.gravatar.com\/avatar\/d5e8e7c1a643b17f3e1c25224bf88c4728a7160616f7f9b2dc6c231dab2cab69?s=30&#038;d=mm&#038;r=g' srcset='https:\/\/secure.gravatar.com\/avatar\/d5e8e7c1a643b17f3e1c25224bf88c4728a7160616f7f9b2dc6c231dab2cab69?s=60&#038;d=mm&#038;r=g 2x' class='avatar avatar-30 photo' height='30' width='30' \/><span class=\"post_info_author_name\">Roberto Daghero<\/span><\/div><div itemprop=\"dateCreated\" class=\"post_info_date entry_date updated\">26 Dicembre, 2025<meta itemprop=\"interactionCount\" content=\"UserComments: <?php echo get_comments_number(qode_get_page_id()); ?>\"\/><\/div><\/div><\/div><\/div><\/li><li class=\"clearfix\"><div class=\"latest_post_two_image\"><a itemprop=\"url\" href=\"https:\/\/sciclublabicoca.it\/blog\/aggiornamenti-su-iscrizioni-settimana-bianca-2026\/\"><img loading=\"lazy\" decoding=\"async\" width=\"700\" height=\"469\" src=\"https:\/\/sciclublabicoca.it\/blog\/wp-content\/uploads\/2013\/11\/DSC_6160.jpg\" class=\"attachment-portfolio_masonry_with_space size-portfolio_masonry_with_space wp-post-image\" alt=\"\" srcset=\"https:\/\/sciclublabicoca.it\/blog\/wp-content\/uploads\/2013\/11\/DSC_6160.jpg 1549w, https:\/\/sciclublabicoca.it\/blog\/wp-content\/uploads\/2013\/11\/DSC_6160-300x200.jpg 300w, https:\/\/sciclublabicoca.it\/blog\/wp-content\/uploads\/2013\/11\/DSC_6160-1024x685.jpg 1024w\" sizes=\"auto, (max-width: 700px) 100vw, 700px\" \/><\/a><\/div><div class=\"latest_post_two_inner\" ><div class=\"latest_post_two_text\"><h4 itemprop=\"name\" class=\"latest_post_two_title entry_title\"><a itemprop=\"url\" href=\"https:\/\/sciclublabicoca.it\/blog\/aggiornamenti-su-iscrizioni-settimana-bianca-2026\/\" >Aggiornamenti su iscrizioni Settimana Bianca 2026<\/a><\/h4><div class=\"separator small left \" ><\/div><p itemprop=\"description\" class=\"latest_post_two_excerpt\" >Si comunica che ad oggi luned\u00ec 17\/11\/2025 sono rim<\/p><\/div><div class=\"latest_post_two_info\" ><div class=\"latest_post_two_info_inner\" ><div class=\"post_info_author\"><img alt='Author Image' src='https:\/\/secure.gravatar.com\/avatar\/d5e8e7c1a643b17f3e1c25224bf88c4728a7160616f7f9b2dc6c231dab2cab69?s=30&#038;d=mm&#038;r=g' srcset='https:\/\/secure.gravatar.com\/avatar\/d5e8e7c1a643b17f3e1c25224bf88c4728a7160616f7f9b2dc6c231dab2cab69?s=60&#038;d=mm&#038;r=g 2x' class='avatar avatar-30 photo' height='30' width='30' \/><span class=\"post_info_author_name\">Roberto Daghero<\/span><\/div><div itemprop=\"dateCreated\" class=\"post_info_date entry_date updated\">17 Novembre, 2025<meta itemprop=\"interactionCount\" content=\"UserComments: <?php echo get_comments_number(qode_get_page_id()); ?>\"\/><\/div><\/div><\/div><\/div><\/li><\/ul><\/div>[\/vc_column][\/vc_row][vc_row css_animation=&#8221;&#8221; row_type=&#8221;row&#8221; use_row_as_full_screen_section=&#8221;no&#8221; type=&#8221;full_width&#8221; angled_section=&#8221;no&#8221; text_align=&#8221;left&#8221; background_image_as_pattern=&#8221;without_pattern&#8221;][vc_column][vc_empty_space][\/vc_column][\/vc_row][vc_row css_animation=&#8221;&#8221; row_type=&#8221;row&#8221; use_row_as_full_screen_section=&#8221;no&#8221; type=&#8221;grid&#8221; angled_section=&#8221;no&#8221; text_align=&#8221;left&#8221; background_image_as_pattern=&#8221;without_pattern&#8221; padding_bottom=&#8221;72&#8243; z_index=&#8221;&#8221;][vc_column][vc_text_separator title=&#8221;IL DIRETTIVO&#8221; border=&#8221;no&#8221; background_color=&#8221;#c42a02&#8243;][\/vc_column][\/vc_row][vc_row css_animation=&#8221;&#8221; row_type=&#8221;row&#8221; use_row_as_full_screen_section=&#8221;no&#8221; type=&#8221;grid&#8221; angled_section=&#8221;no&#8221; text_align=&#8221;left&#8221; background_image_as_pattern=&#8221;without_pattern&#8221; padding_top=&#8221;105&#8243; padding_bottom=&#8221;83&#8243; z_index=&#8221;&#8221; css=&#8221;.vc_custom_1542794765545{background-image: url(https:\/\/sciclublabicoca.it\/blog\/wp-content\/uploads\/2018\/11\/home-background-1.jpg?id=2064) !important;background-position: center !important;background-repeat: no-repeat !important;background-size: cover !important;}&#8221;][vc_column width=&#8221;1\/4&#8243; offset=&#8221;vc_col-md-5&#8243;][vc_column_text]<\/p>\n<h2 style=\"text-align: center;\">Il Direttivo 2004 \/ 2024<\/h2>\n<p>[\/vc_column_text][vc_empty_space height=&#8221;33px&#8221;][vc_single_image image=&#8221;2677&#8243; img_size=&#8221;full&#8221; alignment=&#8221;center&#8221; qode_css_animation=&#8221;&#8221;][vc_empty_space height=&#8221;30px&#8221;][vc_column_text]<\/p>\n<p style=\"text-align: center;\">Passione, dedizione&#8230;e voglia di fare<\/p>\n<p>[\/vc_column_text][vc_empty_space height=&#8221;30px&#8221;][\/vc_column][vc_column width=&#8221;3\/4&#8243; offset=&#8221;vc_col-md-7&#8243;][vc_row_inner row_type=&#8221;row&#8221; type=&#8221;full_width&#8221; text_align=&#8221;center&#8221; css_animation=&#8221;&#8221;][vc_column_inner width=&#8221;1\/4&#8243;][\/vc_column_inner][vc_column_inner width=&#8221;1\/4&#8243; offset=&#8221;vc_col-md-4&#8243;][vc_single_image image=&#8221;2682&#8243; alignment=&#8221;center&#8221; qode_css_animation=&#8221;&#8221;][vc_empty_space height=&#8221;47px&#8221;][vc_column_text]<\/p>\n<h3 style=\"text-align: center;\">Il Presidente Onorario<\/h3>\n<p>[\/vc_column_text][vc_empty_space height=&#8221;19px&#8221;][vc_column_text]<\/p>\n<p style=\"text-align: center;\">Braghiero Guglielmo<\/p>\n<p>[\/vc_column_text][vc_empty_space height=&#8221;30px&#8221;][\/vc_column_inner][vc_column_inner width=&#8221;1\/4&#8243; offset=&#8221;vc_col-md-4&#8243;][vc_single_image image=&#8221;2680&#8243; alignment=&#8221;center&#8221; qode_css_animation=&#8221;&#8221;][vc_empty_space height=&#8221;47px&#8221;][vc_column_text]<\/p>\n<h3 style=\"text-align: center;\">Il Presidente<\/h3>\n<p>[\/vc_column_text][vc_empty_space height=&#8221;19px&#8221;][vc_column_text]<\/p>\n<p style=\"text-align: center;\">Daghero Roberto<\/p>\n<p>[\/vc_column_text][vc_empty_space height=&#8221;30px&#8221;][\/vc_column_inner][vc_column_inner width=&#8221;1\/4&#8243;][\/vc_column_inner][\/vc_row_inner][vc_row_inner row_type=&#8221;row&#8221; type=&#8221;full_width&#8221; text_align=&#8221;center&#8221; css_animation=&#8221;&#8221;][vc_column_inner width=&#8221;1\/4&#8243;][\/vc_column_inner][vc_column_inner width=&#8221;1\/4&#8243; offset=&#8221;vc_col-md-4&#8243;][vc_single_image image=&#8221;2684&#8243; alignment=&#8221;center&#8221; qode_css_animation=&#8221;&#8221;][vc_empty_space height=&#8221;47px&#8221;][vc_column_text]<\/p>\n<h3 style=\"text-align: center;\">Segretaria Contabile<\/h3>\n<p>[\/vc_column_text][vc_empty_space height=&#8221;19px&#8221;][vc_column_text]<\/p>\n<p style=\"text-align: center;\">Gardin Anna Maria<\/p>\n<p>[\/vc_column_text][vc_empty_space height=&#8221;30px&#8221;][\/vc_column_inner][vc_column_inner width=&#8221;1\/4&#8243;][\/vc_column_inner][\/vc_row_inner][vc_row_inner row_type=&#8221;row&#8221; type=&#8221;full_width&#8221; text_align=&#8221;center&#8221; css_animation=&#8221;&#8221;][vc_column_inner width=&#8221;1\/3&#8243; offset=&#8221;vc_col-md-4&#8243;][vc_single_image image=&#8221;2686&#8243; alignment=&#8221;center&#8221; qode_css_animation=&#8221;&#8221;][vc_empty_space height=&#8221;47px&#8221;][vc_column_text]<\/p>\n<h3 style=\"text-align: center;\">Vice Presidente<\/h3>\n<p>[\/vc_column_text][vc_empty_space height=&#8221;19px&#8221;][vc_column_text]<\/p>\n<p style=\"text-align: center;\">Andreone Luciano<\/p>\n<p>[\/vc_column_text][vc_empty_space height=&#8221;30px&#8221;][\/vc_column_inner][vc_column_inner width=&#8221;1\/3&#8243; offset=&#8221;vc_col-md-4&#8243;][vc_single_image image=&#8221;2679&#8243; alignment=&#8221;center&#8221; qode_css_animation=&#8221;&#8221;][vc_empty_space height=&#8221;47px&#8221;][vc_column_text]<\/p>\n<h3 style=\"text-align: center;\">Consigliere<\/h3>\n<p>[\/vc_column_text][vc_empty_space height=&#8221;19px&#8221;][vc_column_text]<\/p>\n<p style=\"text-align: center;\">Barezzi Walter<\/p>\n<p>[\/vc_column_text][vc_empty_space height=&#8221;30px&#8221;][\/vc_column_inner][vc_column_inner width=&#8221;1\/3&#8243; offset=&#8221;vc_col-md-4&#8243;][vc_single_image image=&#8221;2880&#8243; alignment=&#8221;center&#8221; qode_css_animation=&#8221;&#8221;][vc_empty_space height=&#8221;47px&#8221;][vc_column_text]<\/p>\n<h3 style=\"text-align: center;\">Consigliere<\/h3>\n<p>[\/vc_column_text][vc_empty_space height=&#8221;19px&#8221;][vc_column_text]<\/p>\n<p style=\"text-align: center;\">Bolzonaro Moreno<\/p>\n<p>[\/vc_column_text][vc_empty_space height=&#8221;30px&#8221;][\/vc_column_inner][\/vc_row_inner][\/vc_column][\/vc_row][vc_row css_animation=&#8221;&#8221; row_type=&#8221;row&#8221; use_row_as_full_screen_section=&#8221;no&#8221; type=&#8221;grid&#8221; angled_section=&#8221;no&#8221; text_align=&#8221;center&#8221; background_image_as_pattern=&#8221;without_pattern&#8221; padding_top=&#8221;120&#8243; padding_bottom=&#8221;81&#8243; z_index=&#8221;&#8221; css=&#8221;.vc_custom_1542794701858{background-image: url(https:\/\/sciclublabicoca.it\/blog\/wp-content\/uploads\/2018\/11\/home-background-2.jpg?id=2065) !important;background-position: center !important;background-repeat: no-repeat !important;background-size: cover !important;}&#8221;][vc_column][vc_text_separator title=&#8221;PREVISIONI METEO&#8221; border=&#8221;no&#8221; background_color=&#8221;#c42a02&#8243;][vc_row_inner row_type=&#8221;row&#8221; type=&#8221;full_width&#8221; text_align=&#8221;center&#8221; css_animation=&#8221;&#8221; padding_bottom=&#8221;71&#8243;][vc_column_inner width=&#8221;5\/6&#8243; offset=&#8221;vc_col-sm-offset-1&#8243;][vc_empty_space height=&#8221;26px&#8221;][vc_column_text]<\/p>\n<h4 style=\"text-align: center;\"><span style=\"color: #c42a02;\"><strong>Per vivere la montagna in sicurezza<\/strong><\/span><\/h4>\n<p>[\/vc_column_text][vc_empty_space height=&#8221;12px&#8221;][vc_column_text]<\/p>\n<h2 style=\"text-align: center;\">Previsioni\u00a0 Meteo<\/h2>\n<p>[\/vc_column_text][vc_empty_space height=&#8221;26px&#8221;][vc_column_text]<\/p>\n<h5 style=\"text-align: justify;\"><span style=\"color: #c42a02;\">Proprio perch\u00e9 la mutevolezza meteorologica in montagna \u00e8 cosa a dir poco nota e conclamata, va messa assolutamente in conto, e deve far parte del novero di elementi da considerare quando si pianifica un itinerario, n\u00e9 pi\u00f9 n\u00e9 meno dell\u2019attrezzatura o della scorta di acqua da mettere nello zaino.<\/span><\/h5>\n<p>[\/vc_column_text][\/vc_column_inner][\/vc_row_inner][\/vc_column][\/vc_row][vc_row css_animation=&#8221;&#8221; row_type=&#8221;row&#8221; use_row_as_full_screen_section=&#8221;no&#8221; type=&#8221;grid&#8221; angled_section=&#8221;no&#8221; text_align=&#8221;left&#8221; background_image_as_pattern=&#8221;without_pattern&#8221; padding_bottom=&#8221;72&#8243; z_index=&#8221;&#8221;][vc_column width=&#8221;1\/5&#8243;][vc_single_image image=&#8221;2688&#8243; alignment=&#8221;center&#8221; onclick=&#8221;custom_link&#8221; qode_css_animation=&#8221;&#8221; link=&#8221;https:\/\/www.3bmeteo.com&#8221;][vc_empty_space height=&#8221;12px&#8221;][vc_column_text]<\/p>\n<h4 style=\"text-align: center;\"><a href=\"https:\/\/www.3bmeteo.com\">3B Meteo<\/a><\/h4>\n<p>[\/vc_column_text][vc_empty_space height=&#8221;12px&#8221;][\/vc_column][vc_column width=&#8221;1\/5&#8243;][vc_single_image image=&#8221;2697&#8243; alignment=&#8221;center&#8221; onclick=&#8221;custom_link&#8221; qode_css_animation=&#8221;&#8221; link=&#8221;https:\/\/www.france-montagnes.com&#8221;][vc_empty_space height=&#8221;12px&#8221;][vc_column_text]<\/p>\n<h4 style=\"text-align: center;\"><a href=\"https:\/\/www.france-montagnes.com\">Bollettino neve\u00a0Francese<\/a><\/h4>\n<p>[\/vc_column_text][vc_empty_space height=&#8221;12px&#8221;][\/vc_column][vc_column width=&#8221;1\/5&#8243;][vc_single_image image=&#8221;2689&#8243; alignment=&#8221;center&#8221; onclick=&#8221;custom_link&#8221; qode_css_animation=&#8221;&#8221; link=&#8221;https:\/\/www.ilmeteo.it&#8221;][vc_empty_space height=&#8221;12px&#8221;][vc_column_text]<\/p>\n<h4 style=\"text-align: center;\"><a href=\"https:\/\/www.ilmeteo.it\">Il Meteo<\/a><\/h4>\n<p>[\/vc_column_text][vc_empty_space height=&#8221;12px&#8221;][\/vc_column][vc_column width=&#8221;1\/5&#8243;][vc_single_image image=&#8221;2690&#8243; alignment=&#8221;center&#8221; onclick=&#8221;custom_link&#8221; qode_css_animation=&#8221;&#8221; link=&#8221;https:\/\/www.meteoalpi.com&#8221;][vc_empty_space height=&#8221;12px&#8221;][vc_column_text]<\/p>\n<h4 style=\"text-align: center;\"><a href=\"https:\/\/www.meteoalpi.com\">Meteo Alpi<\/a><\/h4>\n<p>[\/vc_column_text][vc_empty_space height=&#8221;12px&#8221;][\/vc_column][vc_column width=&#8221;1\/5&#8243;][vc_single_image image=&#8221;2691&#8243; alignment=&#8221;center&#8221; onclick=&#8221;custom_link&#8221; qode_css_animation=&#8221;&#8221; link=&#8221;https:\/\/www.meteofrance.com&#8221;][vc_empty_space height=&#8221;12px&#8221;][vc_column_text]<\/p>\n<h4 style=\"text-align: center;\"><a href=\"https:\/\/www.meteofrance.com\">Meteo france<\/a><\/h4>\n<p>[\/vc_column_text][vc_empty_space height=&#8221;12px&#8221;][\/vc_column][\/vc_row][vc_row css_animation=&#8221;&#8221; row_type=&#8221;row&#8221; use_row_as_full_screen_section=&#8221;no&#8221; type=&#8221;grid&#8221; angled_section=&#8221;no&#8221; text_align=&#8221;left&#8221; background_image_as_pattern=&#8221;without_pattern&#8221; padding_bottom=&#8221;72&#8243; z_index=&#8221;&#8221;][vc_column width=&#8221;1\/5&#8243;][vc_single_image image=&#8221;2698&#8243; alignment=&#8221;center&#8221; onclick=&#8221;custom_link&#8221; qode_css_animation=&#8221;&#8221; link=&#8221;https:\/\/www.accuweather.com&#8221;][vc_empty_space height=&#8221;12px&#8221;][vc_column_text]<\/p>\n<h4 style=\"text-align: center;\"><a href=\"https:\/\/www.accuweather.com\">Meteo nel Mondo<\/a><\/h4>\n<p>[\/vc_column_text][vc_empty_space height=&#8221;12px&#8221;][\/vc_column][vc_column width=&#8221;1\/5&#8243;][vc_single_image image=&#8221;2695&#8243; alignment=&#8221;center&#8221; onclick=&#8221;custom_link&#8221; qode_css_animation=&#8221;&#8221; link=&#8221;https:\/\/www.meteotrentino.it&#8221;][vc_empty_space height=&#8221;12px&#8221;][vc_column_text]<\/p>\n<h4 style=\"text-align: center;\"><a href=\"https:\/\/www.meteotrentino.it\">Previsioni per il Trentino<\/a><\/h4>\n<p>[\/vc_column_text][vc_empty_space height=&#8221;12px&#8221;][\/vc_column][vc_column width=&#8221;1\/5&#8243;][vc_single_image image=&#8221;2694&#8243; alignment=&#8221;center&#8221; onclick=&#8221;custom_link&#8221; qode_css_animation=&#8221;&#8221; link=&#8221;https:\/\/www.skiinfo.it&#8221;][vc_empty_space height=&#8221;12px&#8221;][vc_column_text]<\/p>\n<h4 style=\"text-align: center;\"><a href=\"https:\/\/www.skiinfo.it\">Skiinfo<\/a><\/h4>\n<p>[\/vc_column_text][vc_empty_space height=&#8221;12px&#8221;][\/vc_column][vc_column width=&#8221;1\/5&#8243;][vc_single_image image=&#8221;2693&#8243; alignment=&#8221;center&#8221; onclick=&#8221;custom_link&#8221; qode_css_animation=&#8221;&#8221; link=&#8221;https:\/\/it.snow-forecast.com\/&#8221;][vc_empty_space height=&#8221;12px&#8221;][vc_column_text]<\/p>\n<h4 style=\"text-align: center;\"><a href=\"https:\/\/it.snow-forecast.com\/\">Snow-Forecast<\/a><\/h4>\n<p>[\/vc_column_text][vc_empty_space height=&#8221;12px&#8221;][\/vc_column][vc_column width=&#8221;1\/5&#8243;][\/vc_column][\/vc_row]<\/p>\n<\/div>","protected":false},"excerpt":{"rendered":"<p>[vc_row css_animation=&#8221;&#8221; row_type=&#8221;row&#8221; use_row_as_full_screen_section=&#8221;no&#8221; type=&#8221;full_width&#8221; angled_section=&#8221;no&#8221; text_align=&#8221;left&#8221; background_image_as_pattern=&#8221;without_pattern&#8221; z_index=&#8221;&#8221;][vc_column][vc_column_text][rev_slider_vc alias=&#8221;home-slider&#8221;][\/vc_column_text][\/vc_column][\/vc_row][vc_row css_animation=&#8221;&#8221; row_type=&#8221;row&#8221; use_row_as_full_screen_section=&#8221;no&#8221; type=&#8221;full_width&#8221; angled_section=&#8221;no&#8221; text_align=&#8221;left&#8221; background_image_as_pattern=&#8221;without_pattern&#8221; z_index=&#8221;&#8221;][vc_column][vc_column_text] Sci Club La Bicoca &#8211; Ferriera, Buttigliera Alta (TO) [\/vc_column_text][\/vc_column][\/vc_row][vc_row css_animation=&#8221;&#8221; row_type=&#8221;row&#8221; use_row_as_full_screen_section=&#8221;no&#8221; type=&#8221;full_width&#8221; angled_section=&#8221;no&#8221; text_align=&#8221;left&#8221; background_image_as_pattern=&#8221;without_pattern&#8221; z_index=&#8221;&#8221;][vc_column][vc_empty_space][\/vc_column][\/vc_row][vc_row css_animation=&#8221;&#8221; row_type=&#8221;row&#8221; use_row_as_full_screen_section=&#8221;no&#8221; type=&#8221;grid&#8221; angled_section=&#8221;no&#8221; text_align=&#8221;left&#8221; background_image_as_pattern=&#8221;without_pattern&#8221; padding_bottom=&#8221;72&#8243; z_index=&#8221;&#8221;][vc_column][vc_text_separator&#8230;<\/p>\n","protected":false},"author":2,"featured_media":0,"parent":0,"menu_order":1,"comment_status":"closed","ping_status":"closed","template":"full_width.php","meta":{"footnotes":""},"class_list":["post-5","page","type-page","status-publish","hentry"],"_links":{"self":[{"href":"https:\/\/sciclublabicoca.it\/blog\/wp-json\/wp\/v2\/pages\/5","targetHints":{"allow":["GET"]}}],"collection":[{"href":"https:\/\/sciclublabicoca.it\/blog\/wp-json\/wp\/v2\/pages"}],"about":[{"href":"https:\/\/sciclublabicoca.it\/blog\/wp-json\/wp\/v2\/types\/page"}],"author":[{"embeddable":true,"href":"https:\/\/sciclublabicoca.it\/blog\/wp-json\/wp\/v2\/users\/2"}],"replies":[{"embeddable":true,"href":"https:\/\/sciclublabicoca.it\/blog\/wp-json\/wp\/v2\/comments?post=5"}],"version-history":[{"count":37,"href":"https:\/\/sciclublabicoca.it\/blog\/wp-json\/wp\/v2\/pages\/5\/revisions"}],"predecessor-version":[{"id":3114,"href":"https:\/\/sciclublabicoca.it\/blog\/wp-json\/wp\/v2\/pages\/5\/revisions\/3114"}],"wp:attachment":[{"href":"https:\/\/sciclublabicoca.it\/blog\/wp-json\/wp\/v2\/media?parent=5"}],"curies":[{"name":"wp","href":"https:\/\/api.w.org\/{rel}","templated":true}]}}