{"id":1955,"date":"2018-11-16T12:11:27","date_gmt":"2018-11-16T11:11:27","guid":{"rendered":"https:\/\/sciclublabicoca.it\/blog\/?page_id=1955"},"modified":"2018-12-07T17:56:09","modified_gmt":"2018-12-07T16:56:09","slug":"privacy-policy","status":"publish","type":"page","link":"https:\/\/sciclublabicoca.it\/blog\/privacy-policy\/","title":{"rendered":"Informativa Privacy &#8211; GDPR"},"content":{"rendered":"<div class=\"wpb-content-wrapper\"><p>[vc_row css_animation=&#8221;&#8221; row_type=&#8221;row&#8221; use_row_as_full_screen_section=&#8221;no&#8221; type=&#8221;full_width&#8221; angled_section=&#8221;no&#8221; text_align=&#8221;left&#8221; background_image_as_pattern=&#8221;without_pattern&#8221;][vc_column width=&#8221;1\/6&#8243;][\/vc_column][vc_column width=&#8221;2\/3&#8243;][vc_column_text]<\/p>\n<h3 style=\"text-align: justify;\">1. Premessa<\/h3>\n<p>&nbsp;<\/p>\n<p style=\"text-align: justify;\">In ottemperanza degli obblighi derivanti dalla normativa comunitaria Regolamento europeo per la protezione dei dati personali n. 679\/2016, GDPR e successive modifiche, il presente sito rispetta e tutela la riservatezza dei visitatori e degli utenti, ponendo in essere ogni sforzo possibile e proporzionato per non ledere i diritti degli utenti.<\/p>\n<p style=\"text-align: justify;\">La presente informativa \u00e8 resa solo per <strong>sciclublabicoca.it<\/strong><b> <\/b>e non per altri siti web eventualmente consultati dall\u2019utente tramite link in esso contenuti.<\/p>\n<p style=\"text-align: justify;\">Scopo del presente documento \u00e8 fornire indicazioni circa le modalit\u00e0, i tempi e la natura delle informazione che i titolari del trattamento devono fornire agli utenti al momento della connessione alle pagine web di <strong>sciclublabicoca.it<\/strong><b><\/b>, indipendentemente dagli scopi del collegamento stesso, secondo la legislazione.<\/p>\n<p style=\"text-align: justify;\">L\u2019informativa pu\u00f2 subire modifiche a causa dell\u2019introduzione di nuove norme al riguardo, si invita pertanto l\u2019utente a controllare periodicamente la presente pagina.<\/p>\n<p>[\/vc_column_text][vc_empty_space][vc_column_text]<\/p>\n<h3>2. Titolare del trattamento<\/h3>\n<p>&nbsp;<\/p>\n<p>Il Titolare del trattamento dei dati \u00e8 <b>Lo Sci Club La Bicoca<\/b>, con sede in <span class=\"LrzXr\">Corso Susa 4, 10090 Buttigliera Alta (TO)<\/span>.[\/vc_column_text][vc_empty_space][vc_column_text]<\/p>\n<h3 style=\"text-align: justify;\">3. Luogo del trattamento<\/h3>\n<p>&nbsp;<\/p>\n<p style=\"text-align: justify;\">I dati raccolti dal sito sono trattati presso la sede del Titolare del Trattamento e presso il datacenter del web Hosting. Il web hosting che \u00e8 Responsabile del trattamento dei dati, elaborando i dati per conto del titolare, si trova nello Spazio Economico Europeo e agisce in conformit\u00e0 delle norme europee.<\/p>\n<p>[\/vc_column_text][vc_empty_space][vc_column_text]<\/p>\n<h3 style=\"text-align: justify;\">4. Finalit\u00e0 del trattamento<\/h3>\n<p>&nbsp;<\/p>\n<p style=\"text-align: justify;\">I dati personali da Lei messi a disposizione di <strong>sciclublabicoca.it<\/strong> potranno essere utilizzati per le seguenti finalit\u00e0:<br \/>\na) per consentire e gestire la Sua eventuale iscrizione o registrazione al sito <strong>sciclublabicoca.it<\/strong> (di seguito per brevit\u00e0 il \u201cSito\u201d); per gestire e dare esecuzione ai suoi ordini o proposte di acquisto; per eseguire attivit\u00e0 connesse all\u2019erogazione di servizi da parte della Societ\u00e0 in Suo favore nonch\u00e9, in generale, per lo svolgimento di attivit\u00e0 connesse all\u2019esecuzione di un rapporto contrattuale con sciclublabicoca.it ovvero per far fronte, prima della conclusione del contratto, a Sue specifiche richieste;<br \/>\nb) per l\u2019invio di comunicazioni informative e promozionali, anche di natura commerciale, di materiale pubblicitario e\/o di offerte di beni e di servizi;<br \/>\nc) per l\u2019invio della nostra newsletter.<\/p>\n<p style=\"text-align: justify;\">L\u2019attivit\u00e0 sub (b) potr\u00e0 essere svolta con i seguenti mezzi: posta, Internet, telefono, E-mail, MMS, SMS, dall\u2019Italia o dall&#8217;estero da parte di\u00a0<strong>sciclublabicoca.it<\/strong><\/p>\n<p style=\"text-align: justify;\">I dati raccolti dal sito durante il suo funzionamento sono utilizzati esclusivamente per le finalit\u00e0 sopra indicate e conservati per il tempo strettamente necessario a svolgere le attivit\u00e0 precisate, e comunque non oltre i 5 anni.<\/p>\n<p>[\/vc_column_text][vc_empty_space][vc_column_text]<\/p>\n<h3 style=\"text-align: justify;\">5. Modalit\u00e0 di trattamento dei dati<\/h3>\n<p>&nbsp;<\/p>\n<p style=\"text-align: justify;\">In relazione alle finalit\u00e0 descritte nel precedente paragrafo, il trattamento dei dati personali verr\u00e0 eseguito mediante strumenti cartacei e\/o elettronici con logiche strettamente correlate alle finalit\u00e0 sopra evidenziate e, comunque, in modo da garantire la sicurezza, la segretezza e la confidenzialit\u00e0 dei dati stessi (con particolare riguardo al caso di utilizzo di tecniche di comunicazione a distanza).<\/p>\n<p style=\"text-align: justify;\">Come tutti i siti web anche il presente sito fa uso di log files nei quali vengono conservate <strong>informazioni raccolte in maniera automatizzata <\/strong>durante le visite degli utenti. Le informazioni raccolte potrebbero essere le seguenti:<\/p>\n<ul style=\"text-align: justify;\">\n<li>indirizzo internet protocol (IP);<\/li>\n<li>tipo di browser e parametri del dispositivo usato per connettersi al sito;<\/li>\n<li>nome dell&#8217;internet service provider (ISP);<\/li>\n<li>data e orario di visita;<\/li>\n<li>pagina web di provenienza del visitatore (referral) e di uscita;<\/li>\n<li>eventualmente il numero di click.<\/li>\n<\/ul>\n<p style=\"text-align: justify;\">Le suddette informazioni sono trattate in forma automatizzata e raccolte in forma esclusivamente aggregata al fine di verificare il corretto funzionamento del sito e per motivi di sicurezza.<\/p>\n<p style=\"text-align: justify;\">A fini di sicurezza (filtri antispam, firewall, rilevazione virus), i dati registrati automaticamente possono eventualmente comprendere anche dati personali come l&#8217;indirizzo IP, che potrebbe essere utilizzato, conformemente alle leggi vigenti in materia, al fine di bloccare tentativi di danneggiamento al sito medesimo o di recare danno ad altri utenti, o comunque attivit\u00e0 dannose o costituenti reato. Tali dati non sono mai utilizzati per l&#8217;identificazione o la profilazione dell&#8217;utente, ma solo a fini di tutela del sito e dei suoi utenti.<\/p>\n<p>&nbsp;<\/p>\n<p style=\"text-align: justify;\"><strong>5.1 Dati forniti dall&#8217;utente <\/strong><\/p>\n<p style=\"text-align: justify;\">Il conferimento dei Suoi dati personali \u00e8 facoltativo.<\/p>\n<p style=\"text-align: justify;\">Qualora il sito consenta l&#8217;inserimento di commenti, oppure in caso di specifici servizi richiesti dall&#8217;utente, il sito rileva automaticamente e registra alcuni dati identificativi dell&#8217;utente, compreso l\u2019indirizzo mail.<\/p>\n<p style=\"text-align: justify;\"><u>Tali dati si intendono volontariamente forniti dall&#8217;utente al momento della richiesta di erogazione del servizio.<\/u><\/p>\n<p style=\"text-align: justify;\">Inserendo un commento o altra informazione, l&#8217;utente accetta espressamente l&#8217;informativa privacy, e in particolare acconsente che i contenuti inseriti siano liberamente diffusi anche a terzi. I dati ricevuti verranno utilizzati esclusivamente per l&#8217;erogazione del servizio richiesto e per il solo tempo necessario per la fornitura del servizio. Le informazioni che gli utenti del sito riterranno di rendere pubbliche tramite i servizi e gli strumenti messi a disposizione degli stessi, sono fornite dall&#8217;utente consapevolmente e volontariamente, esentando il presente sito da qualsiasi responsabilit\u00e0 in merito ad eventuali violazioni delle leggi. Spetta all&#8217;utente verificare di avere i permessi per l&#8217;immissione di dati personali di terzi o di contenuti tutelati dalle norme nazionali ed internazionali.<\/p>\n<p style=\"text-align: justify;\">I dati raccolti dal sito durante il suo funzionamento sono utilizzati esclusivamente per le finalit\u00e0 sopra indicate e conservati per il tempo strettamente necessario a svolgere le attivit\u00e0 precisate. In ogni caso i dati rilevati dal sito non saranno forniti mai a terzi, per nessuna ragione, a meno che non si tratti di legittima richiesta da parte dell\u2019autorit\u00e0 giudiziaria e nei soli casi previsti dalla legge.<\/p>\n<p style=\"text-align: justify;\">Specifiche informative di sintesi verranno progressivamente riportate o visualizzate nelle pagine del sito predisposte per particolari servizi a richiesta.<\/p>\n<p>[\/vc_column_text][vc_empty_space][vc_column_text]<\/p>\n<h3 style=\"text-align: justify;\">6. Cookie<\/h3>\n<p>&nbsp;<\/p>\n<p style=\"text-align: justify;\">I cookies sono dei piccoli file di testo che i siti visitati dall\u2019utente inviano al dispositivo (solitamente al browser), essi vengono memorizzati nella corrispondente cartella di esso mentre l\u2019utente \u00e8 intento a visitare un sito web, per essere poi ritrasmessi agli stessi siti alla visite successive. Vengono utilizzati con lo scopo di migliorare la navigazione, (il protocollo http \u00e8 stateless e non riesce a \u201cricordare\u201d l\u2019utente autenticato che sfoglia le pagine), salvare delle preferenze utente gi\u00e0 inserite (username, password ecc), tracciare i gusti e le preferenze dell\u2019utente permettendo di poter gestire la presenza o meno di iniziative di marketing mirate o l\u2019erogazione di servizi connessi all\u2019attivit\u00e0 del Titolare come newsletter, dem ecc. Qualora venissero poste delle limitazioni al loro utilizzo questo avr\u00e0 sicuramente effetti sullo stato dell\u2019utente durante la consultazione. Blocco o rimozione di essi della cache del browser, potrebbe causare una incompleta fruizione dei servizi offerti dall\u2019applicativo web.<\/p>\n<p style=\"text-align: justify;\"><u>Utilizzando il sito il visitatore acconsente espressamente all&#8217;uso dei cookie.<\/u><\/p>\n<p style=\"text-align: justify;\">Per l&#8217;informativa aggiornata relativa ai cookie visitare la pagina: <a href=\"https:\/\/sciclublabicoca.it\/cookie-policy\">Cookie Policy<\/a><\/p>\n<p>[\/vc_column_text][vc_empty_space][vc_column_text]<\/p>\n<h3 style=\"text-align: justify;\">7. Diffusione dei dati<\/h3>\n<p>&nbsp;<\/p>\n<p style=\"text-align: justify;\">La informiamo che i Suoi dati personali non saranno oggetto di diffusione.<\/p>\n<p>[\/vc_column_text][vc_empty_space][vc_column_text]<\/p>\n<h3 style=\"text-align: justify;\">8. Misure di sicurezza<\/h3>\n<p>&nbsp;<\/p>\n<p style=\"text-align: justify;\">Il presente sito tratta i dati degli utenti in maniera lecita e corretta, adottando le opportune misure di sicurezza volte ad impedire accessi non autorizzati, divulgazione, modifica o distruzione non autorizzata dei dati. Il trattamento viene effettuato mediante strumenti informatici e\/o telematici, con modalit\u00e0 organizzative e con logiche strettamente correlate alle finalit\u00e0 indicate. Oltre al titolare, in alcuni casi, potrebbero avere accesso ai dati categorie di incaricati coinvolti nell\u2019organizzazione del sito (personale amministrativo, commerciale, marketing, legali, amministratori di sistema) oppure soggetti esterni (come fornitori di servizi tecnici terzi, corrieri postali, hosting provider, societ\u00e0 informatiche, agenzie di comunicazione).<\/p>\n<p>[\/vc_column_text][vc_empty_space][vc_column_text]<\/p>\n<h3 style=\"text-align: justify;\">9. Diritti dell&#8217;Interessato<\/h3>\n<p>&nbsp;<\/p>\n<p style=\"text-align: justify;\">L\u2019art. 13, c.2 del Regolamento UE 679\/2016 elenca i diritti dell\u2019utente. Il presente sito intende pertanto informare l\u2019utente sull\u2019esistenza:<\/p>\n<ul style=\"text-align: justify;\">\n<li>del diritto dell\u2019interessato di chiedere al titolare l\u2019accesso ai dati personali (art. 15 Regolamento UE), il loro aggiornamento, la rettifica (art. 16 Regolamento UE), l\u2019integrazione, la limitazione del trattamento che lo riguardino (art. 18 Regolamento UE) di opporsi, per motivi legittimi, al loro trattamento (art. 21 Regolamento UE), il diritto alla portabilit\u00e0 dei dati (art. 20 Regolamento UE).<\/li>\n<li>del diritto di chiedere la cancellazione (art. 17 Regolamento UE), la trasformazione in forma anonima o il blocco dei dati trattati in violazione di legge, compresi quelli di cui non \u00e8 necessaria la conservazione in relazione agli scopi per i quali i dati sono stati raccolti o successivamente trattati.<\/li>\n<li>del diritto di ottenere l\u2019attestazione che le operazioni di aggiornamento, rettifica, integrazione dei dati, cancellazione, blocco dei dati, trasformazione sono state portate a conoscenza, anche per quanto riguarda il loro contenuto, di coloro ai quali i dati sono stati comunicati o diffusi, eccettuato il caso in cui tale adempimento si rivela impossibile o comporta un impiego di mezzi manifestamente sproporzionato rispetto al diritto tutelato.<\/li>\n<\/ul>\n<p style=\"text-align: justify;\">In caso di violazione della normativa, l\u2019utente ha il diritto di proporre reclamo presso il Garante per la Protezione dei Dati Personali, quale autorit\u00e0 preposta al controllo sul trattamento nello Stato Italiano.<\/p>\n<p style=\"text-align: justify;\">Le richieste vanno rivolte al Titolare del trattamento, senza formalit\u00e0 o in alternativa, utilizzando il modello previsto dal Garante per la Protezione dei dati Personali.<\/p>\n<p>[\/vc_column_text][vc_empty_space][vc_empty_space][\/vc_column][vc_column width=&#8221;1\/6&#8243;][\/vc_column][\/vc_row]<\/p>\n<\/div>","protected":false},"excerpt":{"rendered":"<p>[vc_row css_animation=&#8221;&#8221; row_type=&#8221;row&#8221; use_row_as_full_screen_section=&#8221;no&#8221; type=&#8221;full_width&#8221; angled_section=&#8221;no&#8221; text_align=&#8221;left&#8221; background_image_as_pattern=&#8221;without_pattern&#8221;][vc_column width=&#8221;1\/6&#8243;][\/vc_column][vc_column width=&#8221;2\/3&#8243;][vc_column_text] 1. Premessa &nbsp; In ottemperanza degli obblighi derivanti dalla normativa comunitaria Regolamento europeo per la protezione dei dati personali n. 679\/2016, GDPR e successive modifiche, il presente sito rispetta e tutela la riservatezza dei visitatori&#8230;<\/p>\n","protected":false},"author":2,"featured_media":0,"parent":0,"menu_order":7,"comment_status":"closed","ping_status":"closed","template":"","meta":{"footnotes":""},"class_list":["post-1955","page","type-page","status-publish","hentry"],"_links":{"self":[{"href":"https:\/\/sciclublabicoca.it\/blog\/wp-json\/wp\/v2\/pages\/1955","targetHints":{"allow":["GET"]}}],"collection":[{"href":"https:\/\/sciclublabicoca.it\/blog\/wp-json\/wp\/v2\/pages"}],"about":[{"href":"https:\/\/sciclublabicoca.it\/blog\/wp-json\/wp\/v2\/types\/page"}],"author":[{"embeddable":true,"href":"https:\/\/sciclublabicoca.it\/blog\/wp-json\/wp\/v2\/users\/2"}],"replies":[{"embeddable":true,"href":"https:\/\/sciclublabicoca.it\/blog\/wp-json\/wp\/v2\/comments?post=1955"}],"version-history":[{"count":1,"href":"https:\/\/sciclublabicoca.it\/blog\/wp-json\/wp\/v2\/pages\/1955\/revisions"}],"predecessor-version":[{"id":2288,"href":"https:\/\/sciclublabicoca.it\/blog\/wp-json\/wp\/v2\/pages\/1955\/revisions\/2288"}],"wp:attachment":[{"href":"https:\/\/sciclublabicoca.it\/blog\/wp-json\/wp\/v2\/media?parent=1955"}],"curies":[{"name":"wp","href":"https:\/\/api.w.org\/{rel}","templated":true}]}}